{"id":214,"date":"2013-12-18T09:58:47","date_gmt":"2013-12-18T07:58:47","guid":{"rendered":"http:\/\/www.schirnding.info\/?page_id=214"},"modified":"2013-12-18T09:58:47","modified_gmt":"2013-12-18T07:58:47","slug":"ortsgeschichte","status":"publish","type":"page","link":"https:\/\/markt-schirnding.de\/index.php\/kultur-2\/ortsgeschichte\/","title":{"rendered":"Ortsgeschichte"},"content":{"rendered":"<p style=\"text-align: justify;\"><strong>Auszug aus der Geschichte von Schirnding<\/strong><\/p>\n<p style=\"text-align: justify;\"><strong>1<\/strong><strong>377<\/strong> \u2013 Die Ortsgr\u00fcndung kann zeitlich nicht genau festgelegt werden; nach einer im Bayerischen Hauptstaatsarchiv in M\u00fcnchen vorhandenen Urkunde, von Heinrich und Dietrich von Schirnding gezeichnet und gesiegelt, ist der Ort Schirnding am 8. Oktober 1377 erstmals nachweislich erw\u00e4hnt. F\u00fcr die Entstehung des Ortsnamens gibt es mehrere Versionen; wahrscheinlich hat Schirnding seinen Namen vom uralten und reichen Geschlecht derer von Schirnding.<\/p>\n<p style=\"text-align: center;\"><a href=\"http:\/\/www.markt-schirnding.de\/wp-content\/uploads\/2021\/03\/alte-wegeverbindungen.jpg\" target=\"_blank\" rel=\"noopener\"><img loading=\"lazy\" decoding=\"async\" class=\"aligncenter wp-image-2200 size-full\" src=\"http:\/\/www.markt-schirnding.de\/wp-content\/uploads\/2021\/03\/alte-wegeverbindungen.jpg\" alt=\"\" width=\"600\" height=\"387\" \/><\/a><em>(<\/em><em>Lageplan Schirnding und Umgebung, Bildquelle: Gemeindearchiv Schirnding)<\/em><\/p>\n<p style=\"text-align: left;\"><em><br \/>\n<\/em><strong>1433<\/strong> \u2013 Neuerlicher Einfall der Hussiten, die seit 1427 das Sechs\u00e4mterland unsicher machten.<\/p>\n<p style=\"text-align: justify;\"><strong>1450<\/strong> \u2013 Im Ort gab es bereits zwei Wirtsh\u00e4user, in denen Grenzverletzungen besprochen und Streitigkeiten zwischen den jeweiligen Landsherren ausgetragen wurden.<\/p>\n<p style=\"text-align: justify;\"><strong>1536<\/strong> \u2013 Auseinandersetzungen wegen unbefugtem Schafe h\u00fcten der markgr\u00e4flichen Sch\u00e4ferei von Hohenberg auf vermeintlich egerischem Grund und Boden. Die grundherrschaftlichen Besitzverh\u00e4ltnisse waren verworren.<\/p>\n<p style=\"text-align: justify;\"><strong>1545<\/strong> \u2013 Im Wirtshaus zu Schirnding gro\u00dfe Schl\u00e4gerei zwischen etlichen mutwilligen Gesellen aus Arzberg und Oschwitz; die Arzberger hatten nach einem alten Privileg das Recht, die Schankstatt zu Schirnding mit Bier zu beliefern.<\/p>\n<p style=\"text-align: justify;\"><strong>1572<\/strong> \u2013 Es gab bereits ein Zollamt und den Schirndinger Zolltarif mit 20 verschiedenen Warenarten; Hopfen aus B\u00f6hmen war zollfrei.<\/p>\n<p style=\"text-align: justify;\"><strong>1591<\/strong> \u2013 Zur Erhaltung der Brucken und Wehr am Pass von Schirnding war das gesamte milit\u00e4rische Aufgebot des Sechs\u00e4mterlandes aufgeboten, als legistische Reiter aus B\u00f6hmen einzudringen versuchten. Damals war das gesamte Grenzgebiet von Possek bei Hof \u00fcber Schirnding bis B\u00e4rnau an den Furten bewacht.<\/p>\n<p style=\"text-align: justify;\"><strong>1632<\/strong> \u2013 Ernster Zwischenfall am Pass von Schirnding, 3000 Kroaten fielen \u00fcber den Pass von Schirnding in das Land ein, 42 zur Verteidigung des Passes herbeigeeilte Bauern wurden erschossen, Pass und Burg Hohenberg wurden besetzt, Arzberg wurde erobert und zerst\u00f6rt. Eine turbulente Zeit f\u00fcr den an der Durchgangsstra\u00dfe gelegenen Ort Schirnding. Viele Eintragungen in den Sterbeb\u00fcchern geben Zeugnis von dieser schrecklichen Besatzungsmacht.<\/p>\n<p style=\"text-align: justify;\"><strong>1647<\/strong> \u2013 Schwedische Soldaten auf ihrem Marsch nach Eger pl\u00fcndern und zerst\u00f6ren die Kirche in Schirnding; sie wurde 1687 erneuert.<\/p>\n<p style=\"text-align: justify;\"><strong>1673<\/strong> \u2013 Die kaiserliche Armee mit etwa 30.000 Mann zog pl\u00fcndernd durch den Ort. Bis 1687 waren st\u00e4ndig Soldaten einquartiert, die den Grenzpass zu bewachen hatten. Durch eine Hochwasserkatastrophe wurde das gesamte Dorf unter Wasser gesetzt und gro\u00dfer Schaden angerichtet.<\/p>\n<p style=\"text-align: justify;\"><strong>1680<\/strong> \u2013 Der Pass von Schirnding war wegen Seuchengefahr gesperrt. Die Grenze wurde durch so genannte Confin-Wachen verst\u00e4rkt, deren Aufgabe es war, die Gesundheitsp\u00e4sse der Reisenden und deren Herkunft zu pr\u00fcfen.<\/p>\n<p style=\"text-align: justify;\"><strong>17<\/strong><strong>06<\/strong> \u2013 Die verfallene Holzbr\u00fccke \u00fcber die R\u00f6slau wurde erneuert. Zu dieser bestand auf der Strecke Prag \u2013 Eger \u2013 Thiersheim \u2013 Frankfurt a. Main eine Postverbindung der Thurn- und Taxisschen Postverwaltung. Es war eine aufbl\u00fchende Zeit, insbesondere f\u00fcr die Wirte in Schirnding. 1853 erhielt Schirnding eine Brief- und Fahrpost-Expedition ohne Poststall.<\/p>\n<p style=\"text-align: justify;\"><strong>1788<\/strong> \u2013 Nach l\u00e4ngerer Planungszeit wird ein neues Wachhaus fertig gestellt. Es befand sich nun \u00fcber der Br\u00fccke am Fu\u00dfe des M\u00fchlberges, damit es nicht mehr \u00fcberflutet werden konnte. \u201cEs war Zoll-, Forst- und Wachhaus zugleich\u201d.<\/p>\n<p style=\"text-align: justify;\"><strong>1791<\/strong> \u2013 werden die beiden F\u00fcrstent\u00fcmer Bayreuth, zu dem Schirnding geh\u00f6rte, und Ansbach an den preu\u00dfischen K\u00f6nig Wilhelm II abgetreten.<\/p>\n<p style=\"text-align: justify;\"><strong>1806<\/strong> \u2013 Die Regimenter Napoleons besetzen auch das Sechs\u00e4mterland.<\/p>\n<p style=\"text-align: justify;\"><strong>1830<\/strong> \u2013 gab es in Schirnding eine Kontumazanstalt, in der Seuchenverd\u00e4chtige untergebracht waren. Wohnh\u00e4user und sonstige Geb\u00e4ude mussten f\u00fcr diese Zeit trotz Protestes der Besitzer ger\u00e4umt werden.<\/p>\n<p style=\"text-align: justify;\"><strong>1840<\/strong> \u2013 Der so genannte \u201cKleine Grenzverkehr\u201d; mit B\u00f6hmen bl\u00fcht. Hutmacher, Schmiede, Metzger, B\u00fcttner, Brauer und namentlich bekannte B\u00fcrger beantragten Konzessionen um Erweiterung ihrer Betriebe. So erhielt Christoph Singer eine Konzession zur Errichtung einer Schankstatt, da bekanntlich das bayerische Bier der Qualit\u00e4t nach vorz\u00fcglicher ist als das b\u00f6hmische und deshalb auch viele Einwohner aus Eger und den umliegenden b\u00f6hmischen Ortschaften Schirnding als den \u00e4u\u00dferen Grenzort gegen B\u00f6hmen des Bieres wegen gerne besuchten.<\/p>\n<p style=\"text-align: justify;\"><strong>1863<\/strong> \u2013 Friedrich Nietzsche \u00fcbernachtet in Schirnding und schreibt in sein Tagebuch: \u201cDorfkneipe, zwischen Fuhrmann und Hausknecht auf der Streu. Schnarcht gewaltig, stinkt nach Pferd\u201d.<\/p>\n<p style=\"text-align: justify;\"><strong>1879<\/strong> \u2013 wurde die evangelische Kirche wieder aufgebaut, die wahrscheinlich aus einer im 13. Jahrhundert erbauten Burgkapelle hervorgegangen und 1873 abgebrannt war.<\/p>\n<p style=\"text-align: justify;\"><strong>1879<\/strong> \u2013 Die Bahnlinie von Marktredwitz nach Schirnding wurde in Betrieb genommen; sie wurde 1883 bis nach Eger weitergebaut. Eine f\u00fcr die damalige Zeit geniale Verkehrsverbindung war damit geschaffen worden.<\/p>\n<p style=\"text-align: center;\"><em><a href=\"http:\/\/www.markt-schirnding.de\/wp-content\/uploads\/2021\/03\/bahnhof1880.jpg\" target=\"_blank\" rel=\"noopener\"><img loading=\"lazy\" decoding=\"async\" class=\"alignnone wp-image-2201 size-large\" src=\"http:\/\/www.markt-schirnding.de\/wp-content\/uploads\/2021\/03\/bahnhof1880-1024x440.jpg\" alt=\"\" width=\"625\" height=\"269\" \/><\/a>(Bahnhof Schirnding um 1884, Bildquelle: Gemeindearchiv Schirnding)<\/em><\/p>\n<p style=\"text-align: justify;\"><strong>1901<\/strong> \u2013 Der aus Arzberg stammende Lorenz Reichel gr\u00fcndete die Porzellanfabrik; ein industrieller Aufschwung setzte ein, viele B\u00fcrger aus Schirnding und Umgebung fanden dort Arbeit. Die Fabrik entwickelte sich bis heute zu einem leistungsstarken Unternehmen. Die fr\u00fcher betriebenen Kalk\u00f6fen am Friedhof und auf der Ziegelh\u00fctte stellten ihre Produktion ein.<\/p>\n<p style=\"text-align: justify;\"><strong>1928<\/strong> \u2013 wurden die Pass-Visa zwischen Deutschland und der Tschechoslowakei aufgehoben und f\u00fcr den kleinen Grenzverkehr zum Preis von 50 Pfennig eingef\u00fchrt. Man fuhr nach Eger, ins Theater, ins Kino, zum Arzt und zum Einkaufen. Der kleine Schmuggel (Paschen) hatte seine Bl\u00fctezeit. Die Einkehr dr\u00fcben war billig. Ein Men\u00fc in einer Egerer Gastst\u00e4tte kostete 8 Kronen, umgerechnet etwa 1 Reichsmark.<\/p>\n<p style=\"text-align: justify;\"><strong>1932<\/strong> \u2013 wurde die katholische Kirche erbaut und eingeweiht.<\/p>\n<p style=\"text-align: justify;\"><strong>1938<\/strong> \u2013 Einmarsch der deutschen Truppen in das Sudetenland. Schon vorher kamen Fl\u00fcchtlinge \u00fcber die Grenze. Am 1. April 1939 wurde das Zollamt Schirnding\/Landstra\u00dfe aufgehoben \u2013 es gab in Schirnding keine Grenze mehr.<\/p>\n<p style=\"text-align: justify;\"><strong>1945<\/strong> \u2013 Der Ort blieb von den Kriegswirren weitgehend verschont. Amerikaner \u00fcbernahmen die Kontrolle der durchgehenden G\u00fcterz\u00fcge an der Br\u00fccke und besetzten den Grenz\u00fcbergang. W\u00f6chentlich kamen 3 bis 4 Z\u00fcge mit je 600 bis 700 Vertriebenen in Schirnding an, wo sie vom Roten Kreuz betreut wurden.<\/p>\n<p style=\"text-align: justify;\"><strong>1946<\/strong> \u2013 Die ersten Speditionen siedeln sich an. Die Aufgaben des Gemeinschaftsbahnhofes Eger wurden auf den Bahnhof Schirnding verlagert. Dieser wurde damit ein wichtiger Umschlagplatz im G\u00fcterverkehr zwischen Ost und West.<\/p>\n<p style=\"text-align: justify;\"><strong>1949<\/strong> \u2013 Erstes Vinzenzifest oder Birnsunnta als Wiedergeburt des traditionellen Kirchen- und Erntedankfestes in Eger.<\/p>\n<p style=\"text-align: justify;\"><strong>1956<\/strong> \u2013 Das Zollamt Landstra\u00dfe wurde am 15. September unter gro\u00dfer Beteiligung der Bev\u00f6lkerung wiederer\u00f6ffnet und ist heute sowohl im internationalen G\u00fcterverkehr als auch im Personenverkehr ein bedeutender \u00dcbergang in die Tschechische Republik.<\/p>\n<div id=\"attachment_2203\" style=\"width: 262px\" class=\"wp-caption alignright\"><a href=\"http:\/\/www.markt-schirnding.de\/wp-content\/uploads\/2021\/03\/Brueckenbau.jpg\" target=\"_blank\" rel=\"noopener\"><img loading=\"lazy\" decoding=\"async\" aria-describedby=\"caption-attachment-2203\" class=\"wp-image-2203 size-medium\" src=\"http:\/\/www.markt-schirnding.de\/wp-content\/uploads\/2021\/03\/Brueckenbau-252x300.jpg\" alt=\"\" width=\"252\" height=\"300\" \/><\/a><p id=\"caption-attachment-2203\" class=\"wp-caption-text\">Neubau der R\u00f6slaubr\u00fccke (Bildquelle: Archiv Schirnding)<\/p><\/div>\n<p style=\"text-align: justify;\"><strong>1966<\/strong> \u2013 Ein neues Bahnhofsgeb\u00e4ude mit Dienstr\u00e4umen f\u00fcr den Zoll und die Grenzpolizei konnte bezogen werden. Auf der ehemaligen Hindenburg-Kohlegrube unmittelbar an der Grenze wurde nach dem neuesten Stand der Keramtechnik ein Ziegel- und Tonwerk aufgebaut und die R\u00f6slaubr\u00fccke wurde erneuert <em>(siehe Bild, Bildquelle: Gemeindearchiv Schirnding)<br \/>\n<\/em><\/p>\n<p style=\"text-align: justify;\"><strong>1977<\/strong> \u2013 Am 27. Juli wurde der Gemeinde im Rahmen der 600-Jahrfeier die Bezeichnung Markt verliehen. Gedenkbl\u00e4tter und Erinnerungsteller in der jeweils limitierten Auflage von 600 St\u00fcck, sowie Briefmarken mit Sonderstempel erinnern an die f\u00fcr die Gemeinde bedeutsamen Tage.<\/p>\n<p style=\"text-align: justify;\"><strong>1978<\/strong> \u2013 Ab 1. Januar bilden die beiden Gemeinden Schirnding und Hohenberg a. d. Eger die Verwaltungsgemeinschaft mit Sitz in Schirnding. Baubeginn f\u00fcr das neue Rathaus; Anschluss an die Kl\u00e4ranlage in Arzberg.<\/p>\n<p style=\"text-align: justify;\"><strong>1986<\/strong> \u2013 Am 4. Juli wurde unter gro\u00dfer Beteiligung der Lehrerschaft, der Schulkinder und der Bev\u00f6lkerung der neu gestaltete Schulhof eingeweiht. Er ist nach landschaftsfreundlichen Gesichtspunkten mit einem Verkehrserziehungsgarten hergestellt worden.<\/p>\n<p style=\"text-align: justify;\"><strong>1987<\/strong> \u2013 In Anwesenheit zahlreicher Ehreng\u00e4ste fand das Richtfest f\u00fcr die Erweiterung und den Umbau des Dienstgeb\u00e4udes der Grenzpolizei statt; Festredner war der damalige Bayer. Innenminister Lang; Steigendes Verkehrsaufkommen! Ernste Bem\u00fchungen um den Bau einer Umgehungsstra\u00dfe; eine Delegation namhafter Pers\u00f6nlichkeiten wird zur Vorsprache im Bayer. Innenministerium in M\u00fcnchen zustellig.<\/p>\n<p style=\"text-align: justify;\"><strong>1988<\/strong> \u2013 Der Markt Schirnding wird in das Dorferneuerungsprogramm aufgenommen und n\u00fctzt in den Folgejahren bei Bauma\u00dfnahmen dessen Vorteile.<\/p>\n<p style=\"text-align: justify;\"><strong>1989<\/strong> \u2013 Das \u201cTor zur Freiheit\u201d wird ge\u00f6ffnet. Tausende Fl\u00fcchtlinge aus der DDR kommen \u00fcber die ge\u00f6ffneten Grenzen auf der Landstrasse und am Bahnhof.<\/p>\n<p style=\"text-align: justify;\"><em>(Grenz\u00fcbergang Schirnding November 1989, Bildquelle: Gemeindearchiv Schirnding)<\/em><\/p>\n<div id=\"attachment_2220\" style=\"width: 310px\" class=\"wp-caption alignright\"><a href=\"http:\/\/www.markt-schirnding.de\/wp-content\/uploads\/2021\/03\/trabbi-1989.jpg\" target=\"_blank\" rel=\"noopener\"><img loading=\"lazy\" decoding=\"async\" aria-describedby=\"caption-attachment-2220\" class=\"wp-image-2220 size-medium\" src=\"http:\/\/www.markt-schirnding.de\/wp-content\/uploads\/2021\/03\/trabbi-1989-300x194.jpg\" alt=\"\" width=\"300\" height=\"194\" \/><\/a><p id=\"caption-attachment-2220\" class=\"wp-caption-text\">Grenz\u00fcbergang Schirnding 1989\/90 (Bildquelle: Archiv Schirnding)<\/p><\/div>\n<p style=\"text-align: justify;\"><strong>1990<\/strong> \u2013 Erste deutsch-tschechische Zusammenk\u00fcnfte von Delegationen des Marktes Schirnding mit B\u00fcrgermeister Franz Kraus und der Stadt Eger (Cheb) mit dem damaligen B\u00fcrgermeister Josef Kuja; Nach 45 Jahren verkehrt erstmals ein Nahverkehrszug zwischen den beiden Nachbargrenzorten; Seit 1. Juli gibt es zwischen Deutschland und der Tschechischen Republik keine Visa- und Geldumtauschpflicht; Der Bayerische Rundfunk sendet die B\u00fcrgershow \u201cJetzt red i\u201d aus der Schirndinger Gemeindehalle.<\/p>\n<p style=\"text-align: justify;\"><strong>1992<\/strong> \u2013 Spatenstich f\u00fcr die Umgehungsstra\u00dfe Schirnding mit Staatssekret\u00e4r Huber; Der Bahnhof Schirnding verlor als Grenzbahnhof seine bisherige Bedeutung. Die G\u00fcterabfertigung wird am \u201cGemeinsamen Bahnhof\u201d in Eger erledigt.<\/p>\n<p style=\"text-align: justify;\"><strong>1994<\/strong> \u2013 Schirnding erh\u00e4lt Erdgasanschluss. Ein neues Energiezeitalter bricht an! Zum Abschluss der von allen Anwesenden hoch gelobten General-sanierung des Schulhauses fand ein Festakt am neuen Schulhof statt. Vertreter vieler Beh\u00f6rden w\u00fcrdigten die Leistung zum Wohle der Sch\u00fcler. Schulleiter war zu dieser Zeit Herr Alois Schw\u00e4gerl.<\/p>\n<p style=\"text-align: justify;\"><strong>1995<\/strong> \u2013 Die Umgehungsstra\u00dfe in einer Gesamtl\u00e4nge von 4,6 km (Nordumgehung von Schirnding) wurde f\u00fcr den Verkehr freigegeben. Es wurde ein gro\u00dfes Fest gefeiert, aus Freude und Dankbarkeit daf\u00fcr, dass die Ortsdurchfahrt entlastet wird.<\/p>\n<p style=\"text-align: justify;\"><strong>1996<\/strong> \u2013 Erster Weihnachtsmarkt auf dem Marktplatz (Dorfmitte)! Allgemeine Beurteilung: \u201cDie Premiere ist gro\u00dfartig gelungen\u201d.<\/p>\n<p style=\"text-align: justify;\"><strong>1997<\/strong> \u2013 F\u00fcr die Veterin\u00e4re an der Grenzkontrollstelle in Schirnding\/ Landstra\u00dfe wurden Abfertigungsanlagen und Untersuchungseinrichtungen nach dem modernsten Stand der Technik errichtet; Auf tschechischem Gebiet am Grenz\u00fcbergang Schirnding \u2013 Eger (Cheb) wurde die Gemeinschaftszollanlage er\u00f6ffnet. Deutsche und tschechische Zoll- und Passabfertigungsbeamte sitzen nunmehr unter einem Dach! Der Gro\u00dfparkplatz am \u00dcbergang wurde f\u00fcr den Verkehr freigegeben.<\/p>\n<p style=\"text-align: justify;\"><strong>1999<\/strong> \u2013 Die Wasserversorgung Schirnding wird \u201cprivatisiert\u201d \u2013 Betreiber wird die Energieversorgung Selb-Marktredwitz (ESM).<\/p>\n<p style=\"text-align: justify;\">Die Einwohner leiden unter dem L\u00e4rm, den Abgasen und den Verkehrsbehinderungen der durch die tschechische Zollabfertigung verursachten kilometerlangen Staus auf der Umgehungsstra\u00dfe B303.<\/p>\n<p style=\"text-align: justify;\"><strong>2000<\/strong> \u2013 Mit der Einweihung des \u00fcber die Dorferneuerung finanzierten und neu gestalteten Rathausplatzes leistet der Markt einen wesentlichen Beitrag zur Versch\u00f6nerung des Ortsbildes.<\/p>\n<p style=\"text-align: justify;\">Die B\u00fcrger des Ortsteils Fischern feiern ihr 700-j\u00e4hriges Bestehen zusammen mit der Einweihung des ebenfalls \u00fcber die Dorferneuerung gestalteten Ortskerns.<\/p>\n<p style=\"text-align: justify;\"><strong>2002<\/strong> \u2013 Der Markt Schirnding feiert sein 625-j\u00e4hriges Bestehen mit einem Festakt am Wiesenfestwochenende, Konzerten und dem 1. Schirndinger Dorfmarkt im September 2002.<\/p>\n<p><strong>2013<\/strong> &#8211; Die Firma Arzberg Porzellan GmbH meldet Insolvenz an und die lange Tradition der Porzellanherstellung in Schirnding ist beendet.<\/p>\n","protected":false},"excerpt":{"rendered":"<p>Auszug aus der Geschichte von Schirnding 1377 \u2013 Die Ortsgr\u00fcndung kann zeitlich nicht genau festgelegt werden; nach einer im Bayerischen Hauptstaatsarchiv in M\u00fcnchen vorhandenen Urkunde, von Heinrich und Dietrich von Schirnding gezeichnet und gesiegelt, ist der Ort Schirnding am 8. Oktober 1377 erstmals nachweislich erw\u00e4hnt. F\u00fcr die Entstehung des Ortsnamens gibt es mehrere Versionen; wahrscheinlich [&hellip;]<\/p>\n","protected":false},"author":1,"featured_media":0,"parent":87,"menu_order":0,"comment_status":"closed","ping_status":"closed","template":"","meta":{"footnotes":"","_links_to":"","_links_to_target":""},"class_list":["post-214","page","type-page","status-publish","hentry"],"_links":{"self":[{"href":"https:\/\/markt-schirnding.de\/index.php\/wp-json\/wp\/v2\/pages\/214","targetHints":{"allow":["GET"]}}],"collection":[{"href":"https:\/\/markt-schirnding.de\/index.php\/wp-json\/wp\/v2\/pages"}],"about":[{"href":"https:\/\/markt-schirnding.de\/index.php\/wp-json\/wp\/v2\/types\/page"}],"author":[{"embeddable":true,"href":"https:\/\/markt-schirnding.de\/index.php\/wp-json\/wp\/v2\/users\/1"}],"replies":[{"embeddable":true,"href":"https:\/\/markt-schirnding.de\/index.php\/wp-json\/wp\/v2\/comments?post=214"}],"version-history":[{"count":0,"href":"https:\/\/markt-schirnding.de\/index.php\/wp-json\/wp\/v2\/pages\/214\/revisions"}],"up":[{"embeddable":true,"href":"https:\/\/markt-schirnding.de\/index.php\/wp-json\/wp\/v2\/pages\/87"}],"wp:attachment":[{"href":"https:\/\/markt-schirnding.de\/index.php\/wp-json\/wp\/v2\/media?parent=214"}],"curies":[{"name":"wp","href":"https:\/\/api.w.org\/{rel}","templated":true}]}}