{"id":220,"date":"2021-12-19T10:00:23","date_gmt":"2021-12-19T10:00:23","guid":{"rendered":"http:\/\/www.schirnding.info\/?page_id=220"},"modified":"2026-01-07T12:01:36","modified_gmt":"2026-01-07T10:01:36","slug":"terminkalender","status":"publish","type":"page","link":"https:\/\/markt-schirnding.de\/index.php\/kultur-2\/terminkalender\/","title":{"rendered":"Terminkalender"},"content":{"rendered":"<p><strong>Liebe Schirndinger und Hohenberger B\u00fcrgerinnen und B\u00fcrger, <\/strong><strong>liebe Kulturinteressierte,<\/strong><\/p>\n<p style=\"text-align: justify;\">sch\u00f6n, dass Sie sich f\u00fcr unser offizielles Kulturprogramm interessieren, das f\u00fcr Hohenberg a.d.Eger und Schirnding gemeinsam erstellt wurde.<\/p>\n<p style=\"text-align: justify;\">Die gro\u00dfe Anzahl von Vereinen erm\u00f6glicht ein kulturelles und gesellschaftliches Leben in unseren beiden kleinen Ortschaften. Unser Dank gilt daher auch besonders den Vereinen, ohne deren Engagement ein solches Programm nicht m\u00f6glich w\u00e4re.<\/p>\n<p style=\"text-align: justify;\">Wir w\u00fcnschen allen treuen Besuchern, Kursteilnehmern und Kulturfreunden bei den Veranstaltungen 2026 unterhaltsame und spannungsreiche Stunden.<\/p>\n<p>Herausgeber:<br \/>\nVerwaltungsgemeinschaft Schirnding<br \/>\nHauptstra\u00dfe 5, 95706 Schirnding<\/p>\n<p>&nbsp;<\/p>\n","protected":false},"excerpt":{"rendered":"<p>Liebe Schirndinger und Hohenberger B\u00fcrgerinnen und B\u00fcrger, liebe Kulturinteressierte, sch\u00f6n, dass Sie sich f\u00fcr unser offizielles Kulturprogramm interessieren, das f\u00fcr Hohenberg a.d.Eger und Schirnding gemeinsam erstellt wurde. Die gro\u00dfe Anzahl von Vereinen erm\u00f6glicht ein kulturelles und gesellschaftliches Leben in unseren beiden kleinen Ortschaften. Unser Dank gilt daher auch besonders den Vereinen, ohne deren Engagement ein [&hellip;]<\/p>\n","protected":false},"author":1,"featured_media":0,"parent":87,"menu_order":1,"comment_status":"closed","ping_status":"closed","template":"","meta":{"footnotes":"","_links_to":"","_links_to_target":""},"class_list":["post-220","page","type-page","status-publish","hentry"],"_links":{"self":[{"href":"https:\/\/markt-schirnding.de\/index.php\/wp-json\/wp\/v2\/pages\/220","targetHints":{"allow":["GET"]}}],"collection":[{"href":"https:\/\/markt-schirnding.de\/index.php\/wp-json\/wp\/v2\/pages"}],"about":[{"href":"https:\/\/markt-schirnding.de\/index.php\/wp-json\/wp\/v2\/types\/page"}],"author":[{"embeddable":true,"href":"https:\/\/markt-schirnding.de\/index.php\/wp-json\/wp\/v2\/users\/1"}],"replies":[{"embeddable":true,"href":"https:\/\/markt-schirnding.de\/index.php\/wp-json\/wp\/v2\/comments?post=220"}],"version-history":[{"count":5,"href":"https:\/\/markt-schirnding.de\/index.php\/wp-json\/wp\/v2\/pages\/220\/revisions"}],"predecessor-version":[{"id":2865,"href":"https:\/\/markt-schirnding.de\/index.php\/wp-json\/wp\/v2\/pages\/220\/revisions\/2865"}],"up":[{"embeddable":true,"href":"https:\/\/markt-schirnding.de\/index.php\/wp-json\/wp\/v2\/pages\/87"}],"wp:attachment":[{"href":"https:\/\/markt-schirnding.de\/index.php\/wp-json\/wp\/v2\/media?parent=220"}],"curies":[{"name":"wp","href":"https:\/\/api.w.org\/{rel}","templated":true}]}}