{"id":222,"date":"2013-12-18T10:35:51","date_gmt":"2013-12-18T08:35:51","guid":{"rendered":"http:\/\/www.schirnding.info\/?page_id=222"},"modified":"2026-01-07T12:06:27","modified_gmt":"2026-01-07T10:06:27","slug":"1-quartal-2014","status":"publish","type":"page","link":"https:\/\/markt-schirnding.de\/index.php\/kultur-2\/terminkalender\/1-quartal-2014\/","title":{"rendered":"Termine 1. Quartal 2026"},"content":{"rendered":"<div class=\"entry-content\">\n<p><strong>Januar<br \/>\n<\/strong>01.01.\u00a0 \u00a0 \u00a0 \u00a0 \u00a0 \u00a0 \u00a0 \u00a0 \u00a0ev.+kath. Kirche Sdg: \u00d6kum. Segnungs-GD (17.00 Uhr, ev. Gemeindezentrum, Blumenstr. 2)<br \/>\n01.01.\u00a0 \u00a0 \u00a0 \u00a0 \u00a0 \u00a0 \u00a0 \u00a0 \u00a0Porzellanikon: Kultur &amp; Porzellan am Feiertag \u2013 \u00f6ffentl. F\u00fchrung (14.00 Uhr)<br \/>\n02.01.\u00a0 \u00a0 \u00a0 \u00a0 \u00a0 \u00a0 \u00a0 \u00a0 \u00a0kath. Kirche: Aussendung der Sternsinger<br \/>\n02.\/03.01.\u00a0 \u00a0 \u00a0 \u00a0 \u00a0 kath. Kirche: Hausbesuche der Sternsinger in Schirnding und Hohenberg<br \/>\n03.01.\u00a0 \u00a0 \u00a0 \u00a0 \u00a0 \u00a0 \u00a0 \u00a0 \u00a0TSV: TT-Dreik\u00f6nigspokalturnier (Sporthalle Sdg.)<br \/>\n05.01.\u00a0 \u00a0 \u00a0 \u00a0 \u00a0 \u00a0 \u00a0 \u00a0 \u00a0FFW Sdg: Mitgliederversammlung<br \/>\n06.01.\u00a0 \u00a0 \u00a0 \u00a0 \u00a0 \u00a0 \u00a0 \u00a0 \u00a0Gr\u00fcn-Wei\u00df Hbg: Dreik\u00f6nigspokalturnier<br \/>\n06.01.\u00a0 \u00a0 \u00a0 \u00a0 \u00a0 \u00a0 \u00a0 \u00a0 \u00a0ev. Kirche Sdg: Dreik\u00f6nigs-Benefiz-Konzert (Eintritt frei, 16.00 Uhr, ev. Kirche Sdg.)<br \/>\n06.01.\u00a0 \u00a0 \u00a0 \u00a0 \u00a0 \u00a0 \u00a0 \u00a0 \u00a0FGV Hbg: Oberstwanderung R\u00f6thenbach<br \/>\n06.01.\u00a0 \u00a0 \u00a0 \u00a0 \u00a0 \u00a0 \u00a0 \u00a0 \u00a0FGV Sdg: Oberstwanderung nach Konnersreuth (10.00 Uhr, Wegspinne)<br \/>\n06.01.\u00a0 \u00a0 \u00a0 \u00a0 \u00a0 \u00a0 \u00a0 \u00a0 \u00a0Porzellanikon: Kultur &amp; Porzellan am Feiertag \u2013 \u00f6ffentl. F\u00fchrung (14.00 Uhr)<br \/>\n07.01.\u00a0 \u00a0 \u00a0 \u00a0 \u00a0 \u00a0 \u00a0 \u00a0 \u00a0VHS: Von Bodystyling bis Pilates (17.45-18.45 Uhr, 6x Turnhalle Hbg.)<br \/>\n07.01.\u00a0 \u00a0 \u00a0 \u00a0 \u00a0 \u00a0 \u00a0 \u00a0 \u00a0VHS: Stretching (18.50-19.35 Uhr, 6x Turnhalle Hbg.)<br \/>\n08.01.\u00a0 \u00a0 \u00a0 \u00a0 \u00a0 \u00a0 \u00a0 \u00a0 \u00a0SPD Hbg: Vorstandssitzung (19.00 Uhr, Caf\u00e9 Egerstau)<br \/>\n10.01.\u00a0 \u00a0 \u00a0 \u00a0 \u00a0 \u00a0 \u00a0 \u00a0 \u00a0FFW Nhs: Jahreshauptversammlung (18.00 Uhr Caf\u00e9 Egerstau)<br \/>\n10.01.\u00a0 \u00a0 \u00a0 \u00a0 \u00a0 \u00a0 \u00a0 \u00a0 \u00a0PBH: Weihnachtsbaumabholservice im ges. Stadtgebiet (ab 08.00 Uhr, Infoflyer beachten)<br \/>\n11.01.\u00a0 \u00a0 \u00a0 \u00a0 \u00a0 \u00a0 \u00a0 \u00a0 \u00a0LJ Hbg: Neujahrskaffee im \u201eSch\u00fcpfl\u201c<br \/>\n11.01.\u00a0 \u00a0 \u00a0 \u00a0 \u00a0 \u00a0 \u00a0 \u00a0 \u00a0FGV Hbg: Schneeschuhwanderung<br \/>\n11.01.\u00a0 \u00a0 \u00a0 \u00a0 \u00a0 \u00a0 \u00a0 \u00a0 \u00a0Porzellanikon: Familiennachmittag (14.30 Uhr)<br \/>\n13.01.\u00a0 \u00a0 \u00a0 \u00a0 \u00a0 \u00a0 \u00a0 \u00a0 \u00a0kath. Kirche: Seniorenmesse &amp; Seniorennachmittag (14.00 Uhr)<br \/>\n17.01.\u00a0 \u00a0 \u00a0 \u00a0 \u00a0 \u00a0 \u00a0 \u00a0 \u00a0TSV: 1. Galabend FaGe Rot-Wei\u00df (19.11 Uhr, Gemeindehalle Sdg.)<br \/>\n17.01.\u00a0 \u00a0 \u00a0 \u00a0 \u00a0 \u00a0 \u00a0 \u00a0 \u00a0FFW Hbg: Kinderfeuerwehr (09.30 Uhr, FFW-Ger\u00e4tehaus)<br \/>\n18.01.\u00a0 \u00a0 \u00a0 \u00a0 \u00a0 \u00a0 \u00a0 \u00a0 \u00a0TSV: Familiennachmittag FaGe Rot-Wei\u00df (14.00 Uhr, Gemeindehalle Sdg.)<br \/>\n20.01.\u00a0 \u00a0 \u00a0 \u00a0 \u00a0 \u00a0 \u00a0 \u00a0 \u00a0PBH: Mitgliederversammlung (19.00 Uhr, Caf\u00e9 Egerstau)<br \/>\n21.01.\u00a0 \u00a0 \u00a0 \u00a0 \u00a0 \u00a0 \u00a0 \u00a0 \u00a0Seniorenkreis (14.00 Uhr, Gemeindezentrum)<br \/>\n21.01.\u00a0 \u00a0 \u00a0 \u00a0 \u00a0 \u00a0 \u00a0 \u00a0 \u00a0FGV Hbg: Winterwanderung<br \/>\n21.01.\u00a0 \u00a0 \u00a0 \u00a0 \u00a0 \u00a0 \u00a0 \u00a0 \u00a0Porzellanikon: Kulturkaffee \u2013 Porzellan und Pers\u00f6nlichkeiten<br \/>\n21.-25.01.\u00a0 \u00a0 \u00a0 \u00a0 \u00a0 \u00a0FGV Sdg: Ochsenkopf-Winterwandertage<br \/>\n22.01.\u00a0 \u00a0 \u00a0 \u00a0 \u00a0 \u00a0 \u00a0 \u00a0 \u00a0ev.+kath. Kirche Sdg: \u00d6kum. Gottesdienst zur Einheit der Christen (19.00 Uhr, kath. Kirche Sdg.)<br \/>\n23.01.\u00a0 \u00a0 \u00a0 \u00a0 \u00a0 \u00a0 \u00a0 \u00a0 \u00a0FTK: Monatsversammlung<br \/>\n23.01.\u00a0 \u00a0 \u00a0 \u00a0 \u00a0 \u00a0 \u00a0 \u00a0 \u00a0FGV Sdg: Fortsetzung Schafkopfkurs (18.30 Uhr)<br \/>\n25.01.\u00a0 \u00a0 \u00a0 \u00a0 \u00a0 \u00a0 \u00a0 \u00a0 \u00a0Imkerverein: Jahreshauptversammlung (18.00 Uhr, Caf\u00e9 Egerstau)<br \/>\n25.01.\u00a0 \u00a0 \u00a0 \u00a0 \u00a0 \u00a0 \u00a0 \u00a0 \u00a0AfD: B\u00fcrgersprechstunde zur Kommunalwahl (18.00 Uhr Bergbr\u00e4u Arzberg)<br \/>\n30.01.\u00a0 \u00a0 \u00a0 \u00a0 \u00a0 \u00a0 \u00a0 \u00a0 \u00a0FFW Nhs: Schlachtsch\u00fcsselessen (18.00 Uhr FFW-Ger\u00e4tehaus)<br \/>\n31.01.\u00a0 \u00a0 \u00a0 \u00a0 \u00a0 \u00a0 \u00a0 \u00a0 \u00a0TSV: Galabend FaGe Rot-Wei\u00df in Arzberg (19.11 Uhr, Bergbr\u00e4u Arzberg)<\/p>\n<p><strong>Februar<br \/>\n<\/strong>03.02.\u00a0 \u00a0 \u00a0 \u00a0 \u00a0 \u00a0 \u00a0 \u00a0 \u00a0VHS: Conectados \u2013 Spanisch Online f\u00fcr Anf\u00e4nger (10x dienstags, online)<br \/>\n05.02.\u00a0 \u00a0 \u00a0 \u00a0 \u00a0 \u00a0 \u00a0 \u00a0 \u00a0SPD Hbg: Vorstandssitzung (19.00 Uhr, Gasthof Zur Burg)<br \/>\n06.02.\u00a0 \u00a0 \u00a0 \u00a0 \u00a0 \u00a0 \u00a0 \u00a0 \u00a0VHS: Fit f\u00fcr den Alltag (10x freitags, 09.30 \u2013 10.30 Uhr, Turnhalle Hbg.)<br \/>\n06.02.\u00a0 \u00a0 \u00a0 \u00a0 \u00a0 \u00a0 \u00a0 \u00a0 \u00a0FGV Sdg: Abendwanderung zur K\u00f6sseine<br \/>\n07.02.\u00a0 \u00a0 \u00a0 \u00a0 \u00a0 \u00a0 \u00a0 \u00a0 \u00a0FFW Hbg: Kinderfasching (14.00 Uhr, FFW-Ger\u00e4tehaus)<br \/>\n08.02.\u00a0 \u00a0 \u00a0 \u00a0 \u00a0 \u00a0 \u00a0 \u00a0 \u00a0TSV+ev.+kath. Kirche: Faschingsgottesdienst FaGe Rot-Wei\u00df (10.30 Uhr, kath. Kirche Sdg.)<br \/>\n08.02.\u00a0 \u00a0 \u00a0 \u00a0 \u00a0 \u00a0 \u00a0 \u00a0 \u00a0Porzellanikon: Familiennachmittag (14.30 Uhr)<br \/>\n10.02.\u00a0 \u00a0 \u00a0 \u00a0 \u00a0 \u00a0 \u00a0 \u00a0 \u00a0kath. Kirche: Seniorenmesse &amp; Seniorennachmittag (14.00 Uhr)<br \/>\n11.02.\u00a0 \u00a0 \u00a0 \u00a0 \u00a0 \u00a0 \u00a0 \u00a0 \u00a0Porzellanikon: Kulturkaffee \u2013 Porzellan und Pers\u00f6nlichkeiten<br \/>\n12.02.\u00a0 \u00a0 \u00a0 \u00a0 \u00a0 \u00a0 \u00a0 \u00a0 \u00a0TSV: Weiberfasching FaGe Rot-Wei\u00df (19.11 Uhr, Gemeindehalle Sdg.)<br \/>\n12.02.\u00a0 \u00a0 \u00a0 \u00a0 \u00a0 \u00a0 \u00a0 \u00a0 \u00a0Porzellanikon: Expertisentag mit Petra Werner (10.00 \u2013 17.00 Uhr)<br \/>\n13.02.\u00a0 \u00a0 \u00a0 \u00a0 \u00a0 \u00a0 \u00a0 \u00a0 \u00a0FGV Sdg: Basteln von Faschingsmasken f\u00fcr Kinder<br \/>\n13.02.\u00a0 \u00a0 \u00a0 \u00a0 \u00a0 \u00a0 \u00a0 \u00a0 \u00a0FGV Sdg: Fortsetzung Schafkopfkurs (18.30 Uhr)<br \/>\n14.02.\u00a0 \u00a0 \u00a0 \u00a0 \u00a0 \u00a0 \u00a0 \u00a0 \u00a0TSV: 2. Galabend FaGe Rot-Wei\u00df (19.11 Uhr, Gemeindehalle Sdg.)<br \/>\n15.02.\u00a0 \u00a0 \u00a0 \u00a0 \u00a0 \u00a0 \u00a0 \u00a0 \u00a0TSV: Kinderfasching FaGe Rot-Wei\u00df (14.00 Uhr, Gemeindehalle Sdg.)<br \/>\n16.02.\u00a0 \u00a0 \u00a0 \u00a0 \u00a0 \u00a0 \u00a0 \u00a0 \u00a0VdK: Rosenmontagsgaudi (14:30 Uhr, Gasthof Zum weissen Lamm)<br \/>\n17.02.\u00a0 \u00a0 \u00a0 \u00a0 \u00a0 \u00a0 \u00a0 \u00a0 \u00a0TSV: FaGe Rot-Wei\u00df beim Gaudiwurm Arzberg (13.33 Uhr)<br \/>\n19.02.\u00a0 \u00a0 \u00a0 \u00a0 \u00a0 \u00a0 \u00a0 \u00a0 \u00a0Porzellanikon: Ferienprogramm (10.00 Uhr)<br \/>\n20.02.\u00a0 \u00a0 \u00a0 \u00a0 \u00a0 \u00a0 \u00a0 \u00a0 \u00a0FTK: Jahreshauptversammlung (Gastst\u00e4tte Haidh\u00f6lzl)<br \/>\n21.02.\u00a0 \u00a0 \u00a0 \u00a0 \u00a0 \u00a0 \u00a0 \u00a0 \u00a0FGV Hbg: Winterwanderung<br \/>\n24.02.\u00a0 \u00a0 \u00a0 \u00a0 \u00a0 \u00a0 \u00a0 \u00a0 \u00a0VHS: Vortrag Wissenswertes rund ums Moor (19.30 Uhr, Gemeinschaftshaus Hohenberg)<br \/>\n27.02.\u00a0 \u00a0 \u00a0 \u00a0 \u00a0 \u00a0 \u00a0 \u00a0 \u00a0FFW Hbg: Jahreshauptversammlung (19.00 Uhr)<br \/>\n28.02.\u00a0 \u00a0 \u00a0 \u00a0 \u00a0 \u00a0 \u00a0 \u00a0 \u00a0FGV Sdg: Skitagesfahrt in die Skiwelt Wilder Kaiser<\/p>\n<\/div>\n<div class=\"entry-content\">\n<p><strong>M\u00e4rz<br \/>\n<\/strong>01.03.\u00a0 \u00a0 \u00a0 \u00a0 \u00a0 \u00a0 \u00a0 \u00a0 \u00a0kath. Kirche: Gottesdienst, anschl. Fastenessen (10.30 Uhr)<br \/>\n03.03.\u00a0 \u00a0 \u00a0 \u00a0 \u00a0 \u00a0 \u00a0 \u00a0 \u00a0SPD Hbg: Vorstandssitzung (19.00 Uhr, Gasthof Zum weissen Lamm)<br \/>\n05.03.\u00a0 \u00a0 \u00a0 \u00a0 \u00a0 \u00a0 \u00a0 \u00a0 \u00a0VHS: Aquarellmalerei f\u00fcr Beginner (4x donnerstags, 18.00 \u2013 20.00 Uhr, Gew\u00f6lbe Gemeindezentrum)<br \/>\n06.03.\u00a0 \u00a0 \u00a0 \u00a0 \u00a0 \u00a0 \u00a0 \u00a0 \u00a0SPD Hbg: Angrillen (15.00 Uhr, vor Edeka Kaiser)<br \/>\n06.03.\u00a0 \u00a0 \u00a0 \u00a0 \u00a0 \u00a0 \u00a0 \u00a0 \u00a0ev. +kath. Kirche Sdg.+Hbg: Weltgebetstag der Frauen (19.00 Uhr, ev. Kirche Hbg.)<br \/>\n06.03.\u00a0 \u00a0 \u00a0 \u00a0 \u00a0 \u00a0 \u00a0 \u00a0 \u00a0FGV Sdg: Fortsetzung Schafkopfkurs (18.30 Uhr)<br \/>\n08.03.\u00a0 \u00a0 \u00a0 \u00a0 \u00a0 \u00a0 \u00a0 \u00a0 \u00a0Kommunalwahlen 2026<br \/>\n08.03.\u00a0 \u00a0 \u00a0 \u00a0 \u00a0 \u00a0 \u00a0 \u00a0 \u00a0Porzellanikon: Familiennachmittag (14.30 Uhr)<br \/>\n09.03.\u00a0 \u00a0 \u00a0 \u00a0 \u00a0 \u00a0 \u00a0 \u00a0 \u00a0BRK-F\u00f6rderverein: Jahreshauptversammlung (18.30 Uhr)<br \/>\n10.03.\u00a0 \u00a0 \u00a0 \u00a0 \u00a0 \u00a0 \u00a0 \u00a0 \u00a0VHS: Vortrag Unbekanntes Europa (19.30 Uhr, Saal Gemeindezentrum Schirnding)<br \/>\n10.03.\u00a0 \u00a0 \u00a0 \u00a0 \u00a0 \u00a0 \u00a0 \u00a0 \u00a0kath. Kirche: Seniorenmesse &amp; Seniorennachmittag (14.00 Uhr)<br \/>\n11.03.\u00a0 \u00a0 \u00a0 \u00a0 \u00a0 \u00a0 \u00a0 \u00a0 \u00a0Porzellanikon: Kulturkaffee \u2013 Porzellan und Pers\u00f6nlichkeiten<br \/>\n12.03.\u00a0 \u00a0 \u00a0 \u00a0 \u00a0 \u00a0 \u00a0 \u00a0 \u00a0Grenzmuseum: Jahreshauptversammlung (16.00 Uhr Gasthof Zur Burg)<br \/>\n12.03.\u00a0 \u00a0 \u00a0 \u00a0 \u00a0 \u00a0 \u00a0 \u00a0 \u00a0FGV Hbg: Seniorenwanderung<br \/>\n12.03.\u00a0 \u00a0 \u00a0 \u00a0 \u00a0 \u00a0 \u00a0 \u00a0 \u00a0F\u00f6rderv. Milchhof: Jahreshauptversammlung (19.00 Uhr, hist. Milchhof)<br \/>\n13.03.\u00a0 \u00a0 \u00a0 \u00a0 \u00a0 \u00a0 \u00a0 \u00a0 \u00a0FGV Hbg: Jahreshauptversammlung<br \/>\n14.03.\u00a0 \u00a0 \u00a0 \u00a0 \u00a0 \u00a0 \u00a0 \u00a0 \u00a0FGV Hbg: Halbtagswanderung Pomezi<br \/>\n15.03.\u00a0 \u00a0 \u00a0 \u00a0 \u00a0 \u00a0 \u00a0 \u00a0 \u00a0OGV.Sdg: Gartlertreffen mit Ehrung und Vortrag (15.00 Uhr, kath. Pfarrheim)<br \/>\n15.03.\u00a0 \u00a0 \u00a0 \u00a0 \u00a0 \u00a0 \u00a0 \u00a0 \u00a0FGV Sdg: Jahreshauptversammlung (15.00 Uhr, Sch\u00fctzenhaus Arzberg)<br \/>\n18.03.\u00a0 \u00a0 \u00a0 \u00a0 \u00a0 \u00a0 \u00a0 \u00a0 \u00a0Seniorenkreis (14.00 Uhr, Gemeindezentrum)<br \/>\n19.03.\u00a0 \u00a0 \u00a0 \u00a0 \u00a0 \u00a0 \u00a0 \u00a0 \u00a0kath. Kirche: Gottesdienst Patrozinium mit Blaskapelle Konnersreuth (19.00 Uhr)<br \/>\n19.03.\u00a0 \u00a0 \u00a0 \u00a0 \u00a0 \u00a0 \u00a0 \u00a0 \u00a0TV: Jahreshauptversammlung (19.00 Uhr, Gasthof Zur Burg)<br \/>\n20.03.\u00a0 \u00a0 \u00a0 \u00a0 \u00a0 \u00a0 \u00a0 \u00a0 \u00a0OGV Hbg: Jahreshauptversammlung<br \/>\n21.03.\u00a0 \u00a0 \u00a0 \u00a0 \u00a0 \u00a0 \u00a0 \u00a0 \u00a0OGV Sdg: Baumschnittkurs Theorie u. Praxis (09.00 \u2013 16.00 Uhr, kath. Pfarrheim)<br \/>\n21.03.\u00a0 \u00a0 \u00a0 \u00a0 \u00a0 \u00a0 \u00a0 \u00a0 \u00a0FFW Hbg: Kinderfeuerwehr (09.30 Uhr, FFW-Ger\u00e4tehaus)<br \/>\n21.03.\u00a0 \u00a0 \u00a0 \u00a0 \u00a0 \u00a0 \u00a0 \u00a0 \u00a0Siedler: Jahreshauptversammlung (14.30 Uhr, TSV-Heim)<br \/>\n22.03.\u00a0 \u00a0 \u00a0 \u00a0 \u00a0 \u00a0 \u00a0 \u00a0 \u00a0FGV Hbg: Ostereiersuchen<br \/>\n25.03.\u00a0 \u00a0 \u00a0 \u00a0 \u00a0 \u00a0 \u00a0 \u00a0 \u00a0Porzellanikon: Bedeckt und ummantelt<br \/>\n27.03.\u00a0 \u00a0 \u00a0 \u00a0 \u00a0 \u00a0 \u00a0 \u00a0 \u00a0FTK: Monatsversammlung<br \/>\n27.03.\u00a0 \u00a0 \u00a0 \u00a0 \u00a0 \u00a0 \u00a0 \u00a0 \u00a0FGV Sdg: Fortsetzung Schafkopfkurs (18.30 Uhr)<br \/>\n29.03.\u00a0 \u00a0 \u00a0 \u00a0 \u00a0 \u00a0 \u00a0 \u00a0 \u00a0FGV Sdg: Ostereiersuchen bei der H\u00fctte<br \/>\n31.03.\u00a0 \u00a0 \u00a0 \u00a0 \u00a0 \u00a0 \u00a0 \u00a0 \u00a0VHS: Vortrag Madagaskar (19.30 Uhr, Milchhof Hohenberg)<\/p>\n<\/div>\n","protected":false},"excerpt":{"rendered":"<p>Januar 01.01.\u00a0 \u00a0 \u00a0 \u00a0 \u00a0 \u00a0 \u00a0 \u00a0 \u00a0ev.+kath. Kirche Sdg: \u00d6kum. Segnungs-GD (17.00 Uhr, ev. Gemeindezentrum, Blumenstr. 2) 01.01.\u00a0 \u00a0 \u00a0 \u00a0 \u00a0 \u00a0 \u00a0 \u00a0 \u00a0Porzellanikon: Kultur &amp; Porzellan am Feiertag \u2013 \u00f6ffentl. F\u00fchrung (14.00 Uhr) 02.01.\u00a0 \u00a0 \u00a0 \u00a0 \u00a0 \u00a0 \u00a0 \u00a0 \u00a0kath. Kirche: Aussendung der Sternsinger 02.\/03.01.\u00a0 \u00a0 \u00a0 [&hellip;]<\/p>\n","protected":false},"author":1,"featured_media":0,"parent":220,"menu_order":0,"comment_status":"closed","ping_status":"closed","template":"","meta":{"footnotes":"","_links_to":"","_links_to_target":""},"class_list":["post-222","page","type-page","status-publish","hentry"],"_links":{"self":[{"href":"https:\/\/markt-schirnding.de\/index.php\/wp-json\/wp\/v2\/pages\/222","targetHints":{"allow":["GET"]}}],"collection":[{"href":"https:\/\/markt-schirnding.de\/index.php\/wp-json\/wp\/v2\/pages"}],"about":[{"href":"https:\/\/markt-schirnding.de\/index.php\/wp-json\/wp\/v2\/types\/page"}],"author":[{"embeddable":true,"href":"https:\/\/markt-schirnding.de\/index.php\/wp-json\/wp\/v2\/users\/1"}],"replies":[{"embeddable":true,"href":"https:\/\/markt-schirnding.de\/index.php\/wp-json\/wp\/v2\/comments?post=222"}],"version-history":[{"count":17,"href":"https:\/\/markt-schirnding.de\/index.php\/wp-json\/wp\/v2\/pages\/222\/revisions"}],"predecessor-version":[{"id":2866,"href":"https:\/\/markt-schirnding.de\/index.php\/wp-json\/wp\/v2\/pages\/222\/revisions\/2866"}],"up":[{"embeddable":true,"href":"https:\/\/markt-schirnding.de\/index.php\/wp-json\/wp\/v2\/pages\/220"}],"wp:attachment":[{"href":"https:\/\/markt-schirnding.de\/index.php\/wp-json\/wp\/v2\/media?parent=222"}],"curies":[{"name":"wp","href":"https:\/\/api.w.org\/{rel}","templated":true}]}}