{"id":228,"date":"2013-12-18T11:28:18","date_gmt":"2013-12-18T09:28:18","guid":{"rendered":"http:\/\/www.schirnding.info\/?page_id=228"},"modified":"2026-01-07T12:33:42","modified_gmt":"2026-01-07T10:33:42","slug":"4-quartal-2014","status":"publish","type":"page","link":"https:\/\/markt-schirnding.de\/index.php\/kultur-2\/terminkalender\/4-quartal-2014\/","title":{"rendered":"Termine 4. Quartal 2026"},"content":{"rendered":"<p><strong>Oktober<br \/>\n<\/strong>01.10.\u00a0 \u00a0 \u00a0 \u00a0 \u00a0 \u00a0 \u00a0 \u00a0 \u00a0Siedler: 2. Heiz\u00f6lsammelbestellung<br \/>\n03.10.\u00a0 \u00a0 \u00a0 \u00a0 \u00a0 \u00a0 \u00a0 \u00a0 \u00a0Porzellanikon: Kultur &amp; Porzellan am Feiertag \u2013 \u00f6ffentl. F\u00fchrung (14.00 Uhr)<br \/>\n07.10.\u00a0 \u00a0 \u00a0 \u00a0 \u00a0 \u00a0 \u00a0 \u00a0 \u00a0WGM: Wildnisgartentag f\u00fcr Familien (Wildnisgarten Menzloh)<br \/>\n07.10.\u00a0 \u00a0 \u00a0 \u00a0 \u00a0 \u00a0 \u00a0 \u00a0 \u00a0Porzellanikon: Kulturkaffee \u2013 Porzellan und Pers\u00f6nlichkeiten<br \/>\n08.10.\u00a0 \u00a0 \u00a0 \u00a0 \u00a0 \u00a0 \u00a0 \u00a0 \u00a0SPD Hbg: Vorstandssitzung (19.00 Uhr, Caf\u00e9 Egerstau)<br \/>\n08.10.\u00a0 \u00a0 \u00a0 \u00a0 \u00a0 \u00a0 \u00a0 \u00a0 \u00a0FGV Hbg: Seniorenwanderung<br \/>\n10.10.\u00a0 \u00a0 \u00a0 \u00a0 \u00a0 \u00a0 \u00a0 \u00a0 \u00a0VdK: Infoveranstaltung (14.30 Uhr Gemeindezentrum Schirnding)<br \/>\n10.10.\u00a0 \u00a0 \u00a0 \u00a0 \u00a0 \u00a0 \u00a0 \u00a0 \u00a0FGV Sdg: Wandergruppe Schirnding (09.00 Uhr, Rathaus Schirnding)<br \/>\n11.10.\u00a0 \u00a0 \u00a0 \u00a0 \u00a0 \u00a0 \u00a0 \u00a0 \u00a0Porzellanikon: Familiennachmittag (14.30 Uhr)<br \/>\n11.10.\u00a0 \u00a0 \u00a0 \u00a0 \u00a0 \u00a0 \u00a0 \u00a0 \u00a0FGV Sdg: Herbstwanderung an den Boxgraben<br \/>\n13.10.\u00a0 \u00a0 \u00a0 \u00a0 \u00a0 \u00a0 \u00a0 \u00a0 \u00a0kath. Kirche: Seniorenmesse &amp; Seniorennachmittag (14.00 Uhr)<br \/>\n16.\/17.10.\u00a0 \u00a0 \u00a0 \u00a0 \u00a0 Porzellanikon: Golden Evening \u2013 F\u00fchrung und festliches Abendessen (18.00 Uhr)<br \/>\n17.10.\u00a0 \u00a0 \u00a0 \u00a0 \u00a0 \u00a0 \u00a0 \u00a0 \u00a0FFW Hbg: Kapellenfest (17.00 Uhr, FFW-Ger\u00e4tehaus)<br \/>\n17.10.\u00a0 \u00a0 \u00a0 \u00a0 \u00a0 \u00a0 \u00a0 \u00a0 \u00a0Gr\u00fcn-Wei\u00df Hbg: Stadtmeisterschaften f\u00fcr Hobbykegler<br \/>\n17.\/18.10.\u00a0 \u00a0 \u00a0 \u00a0 \u00a0 KTZV: Kleintierschau (Wiesenfestplatz)<br \/>\n18.10.\u00a0 \u00a0 \u00a0 \u00a0 \u00a0 \u00a0 \u00a0 \u00a0 \u00a0FGV Hbg: Halbtagswanderung Neugr\u00fcn (Mehlmeisel)<br \/>\n18.10.\u00a0 \u00a0 \u00a0 \u00a0 \u00a0 \u00a0 \u00a0 \u00a0 \u00a0FGV Sdg: H\u00fcttennachmittag<br \/>\n21.10.\u00a0 \u00a0 \u00a0 \u00a0 \u00a0 \u00a0 \u00a0 \u00a0 \u00a0Seniorenkreis (14.00 Uhr, Gemeindezentrum)<br \/>\n23.10.\u00a0 \u00a0 \u00a0 \u00a0 \u00a0 \u00a0 \u00a0 \u00a0 \u00a0FTK: Monatsversammlung<br \/>\n23.10.\u00a0 \u00a0 \u00a0 \u00a0 \u00a0 \u00a0 \u00a0 \u00a0 \u00a0FGV Sdg: Kinderspieleabend<br \/>\n24.10.\u00a0 \u00a0 \u00a0 \u00a0 \u00a0 \u00a0 \u00a0 \u00a0 \u00a0LJ Hbg: Kirwatanz<br \/>\n24.10.\u00a0 \u00a0 \u00a0 \u00a0 \u00a0 \u00a0 \u00a0 \u00a0 \u00a0FFW Nhs: Kirchweihabend mit Livemusik (18.00 Uhr FFW-Ger\u00e4tehaus)<br \/>\n24.10.\u00a0 \u00a0 \u00a0 \u00a0 \u00a0 \u00a0 \u00a0 \u00a0 \u00a0FGV Hbg: K\u00fcrbisschnitzen<br \/>\n24.10.\u00a0 \u00a0 \u00a0 \u00a0 \u00a0 \u00a0 \u00a0 \u00a0 \u00a0Gr\u00fcn-Wei\u00df Hbg: Siegerehrung Stadtmeisterschaften (Gasthof Zur Burg)<br \/>\n24.10.\u00a0 \u00a0 \u00a0 \u00a0 \u00a0 \u00a0 \u00a0 \u00a0 \u00a0FFW Hbg: Kinderfeuerwehr (09.30 Uhr, FFW-Ger\u00e4tehaus)<br \/>\n25.10.\u00a0 \u00a0 \u00a0 \u00a0 \u00a0 \u00a0 \u00a0 \u00a0 \u00a0kath. Kirche: Gr\u00e4bersegnung in Hohenberg (14.00 Uhr)<br \/>\n25.10.\u00a0 \u00a0 \u00a0 \u00a0 \u00a0 \u00a0 \u00a0 \u00a0 \u00a0Porzellanikon: Kuratorenf\u00fchrung \u2013 Die neue Dramaturgie des Essens (14.30 Uhr)<br \/>\n31.10.\u00a0 \u00a0 \u00a0 \u00a0 \u00a0 \u00a0 \u00a0 \u00a0 \u00a0ev. Kirche Sdg: Vortrag zum Reformationstag (18.30 Uhr, ev. Gemeindezentrum, Blumenstr. 2)<\/p>\n<p><strong>November<br \/>\n<\/strong>01.11.\u00a0 \u00a0 \u00a0 \u00a0 \u00a0 \u00a0 \u00a0 \u00a0 \u00a0kath. Kirche: Allerheiligen Gr\u00e4bersegnung in Schirnding (14.00 Uhr)<br \/>\n01.11.\u00a0 \u00a0 \u00a0 \u00a0 \u00a0 \u00a0 \u00a0 \u00a0 \u00a0Porzellanikon: Kultur &amp; Porzellan am Feiertag \u2013 \u00f6ffentl. F\u00fchrung (14.00 Uhr)<br \/>\n03.11.\u00a0 \u00a0 \u00a0 \u00a0 \u00a0 \u00a0 \u00a0 \u00a0 \u00a0SPD Hbg: Vorstandssitzung (19.00 Uhr, Gasthof Zum weissen Lamm)<br \/>\n06.11.\u00a0 \u00a0 \u00a0 \u00a0 \u00a0 \u00a0 \u00a0 \u00a0 \u00a0FGV Sdg: Fleischrollmopsessen im W\u00e4chterhaus<br \/>\n08.11.\u00a0 \u00a0 \u00a0 \u00a0 \u00a0 \u00a0 \u00a0 \u00a0 \u00a0FFW Nhs: Laternenumzug zu Sankt Martin (16.30 Uhr FFW-Ger\u00e4tehaus)<br \/>\n08.11.\u00a0 \u00a0 \u00a0 \u00a0 \u00a0 \u00a0 \u00a0 \u00a0 \u00a0Porzellanikon: Familiennachmittag (14.30 Uhr)<br \/>\n10.11.\u00a0 \u00a0 \u00a0 \u00a0 \u00a0 \u00a0 \u00a0 \u00a0 \u00a0kath. Kirche: Seniorenmesse &amp; Seniorennachmittag (14.00 Uhr)<br \/>\n11.11.\u00a0 \u00a0 \u00a0 \u00a0 \u00a0 \u00a0 \u00a0 \u00a0 \u00a0TSV: Rathaussturm FaGe Rot-Wei\u00df (18.11 Uhr, Gemeindehalle Sdg.)<br \/>\n11.11.\u00a0 \u00a0 \u00a0 \u00a0 \u00a0 \u00a0 \u00a0 \u00a0 \u00a0Kita-Elisabeth: Martinsfest (17.00 Uhr)<br \/>\n12.11.\u00a0 \u00a0 \u00a0 \u00a0 \u00a0 \u00a0 \u00a0 \u00a0 \u00a0FGV Hbg: Seniorenwanderung<br \/>\n13.11.\u00a0 \u00a0 \u00a0 \u00a0 \u00a0 \u00a0 \u00a0 \u00a0 \u00a0SPD Hbg: Romm\u00e9-Turnier (18.00 Uhr, Gastst\u00e4tte Haidh\u00f6lzl)<br \/>\n13.11.\u00a0 \u00a0 \u00a0 \u00a0 \u00a0 \u00a0 \u00a0 \u00a0 \u00a0ev. Kirche Sdg: Kirchenkneipe (18.00 Uhr, ev. Gemeindezentrum, Blumenstr. 2)<br \/>\n15.11.\u00a0 \u00a0 \u00a0 \u00a0 \u00a0 \u00a0 \u00a0 \u00a0 \u00a0Volkstrauertag<br \/>\n15.11.\u00a0 \u00a0 \u00a0 \u00a0 \u00a0 \u00a0 \u00a0 \u00a0 \u00a0OGV Sdg: Mitgliederversammlung (14.00 Uhr, kath. Pfarrheim)<br \/>\n17.11.\u00a0 \u00a0 \u00a0 \u00a0 \u00a0 \u00a0 \u00a0 \u00a0 \u00a0B\u00fcrgerversammlung in Schirnding<br \/>\n18.11.\u00a0 \u00a0 \u00a0 \u00a0 \u00a0 \u00a0 \u00a0 \u00a0 \u00a0Seniorenkreis (14.00 Uhr, Gemeindezentrum)<br \/>\n18.11.\u00a0 \u00a0 \u00a0 \u00a0 \u00a0 \u00a0 \u00a0 \u00a0 \u00a0B\u00fccherei Sdg+Hbg: Aktionstag in der B\u00fccherei<br \/>\n18.11.\u00a0 \u00a0 \u00a0 \u00a0 \u00a0 \u00a0 \u00a0 \u00a0 \u00a0Porzellanikon: Kulturkaffee \u2013 Porzellan und Pers\u00f6nlichkeiten<br \/>\n19.11.\u00a0 \u00a0 \u00a0 \u00a0 \u00a0 \u00a0 \u00a0 \u00a0 \u00a0Porzellanikon: Expertisentag mit Petra Werner (10.00 \u2013 17.00 Uhr)<br \/>\n20.11.\u00a0 \u00a0 \u00a0 \u00a0 \u00a0 \u00a0 \u00a0 \u00a0 \u00a0B\u00fccherei Sdg+Hbg: Bundesweiter Vorlesetag<br \/>\n20.11.\u00a0 \u00a0 \u00a0 \u00a0 \u00a0 \u00a0 \u00a0 \u00a0 \u00a0FGV Sdg: Weihnachtsbasteln f\u00fcr Kinder ab 14.00 Uhr, f\u00fcr Erwachsene ab 18.30 Uhr<br \/>\n21.11.\u00a0 \u00a0 \u00a0 \u00a0 \u00a0 \u00a0 \u00a0 \u00a0 \u00a0FGV Hbg: Zoiglwanderung<br \/>\n21.11.\u00a0 \u00a0 \u00a0 \u00a0 \u00a0 \u00a0 \u00a0 \u00a0 \u00a0FGV Sdg: Abschlusswanderung Wandergruppe Schirnding (09.00 Uhr, Rathaus Schirnding)<br \/>\n22.11.\u00a0 \u00a0 \u00a0 \u00a0 \u00a0 \u00a0 \u00a0 \u00a0 \u00a0FGV Sdg: Museumsfahrt nach Dresden<br \/>\n26.11.\u00a0 \u00a0 \u00a0 \u00a0 \u00a0 \u00a0 \u00a0 \u00a0 \u00a0OGV Sdg: \u201eHutza-Abend\u201c mit Adventskranzbinden (FC-Heim)<br \/>\n26.11.\u00a0 \u00a0 \u00a0 \u00a0 \u00a0 \u00a0 \u00a0 \u00a0 \u00a0PBH: Angl\u00fchen (18.00 Uhr, kleiner Burgplatz)<br \/>\n27.11.\u00a0 \u00a0 \u00a0 \u00a0 \u00a0 \u00a0 \u00a0 \u00a0 \u00a0FTK: Monatsversammlung<br \/>\n28.11.\u00a0 \u00a0 \u00a0 \u00a0 \u00a0 \u00a0 \u00a0 \u00a0 \u00a0FFW Hbg: Kinderfeuerwehr (09.30 Uhr, FFW-Ger\u00e4tehaus)<br \/>\n28.11.\u00a0 \u00a0 \u00a0 \u00a0 \u00a0 \u00a0 \u00a0 \u00a0 \u00a0TV: Schauturnen (14.00 Uhr, Turnhalle Hbg.)<br \/>\n29.11.\u00a0 \u00a0 \u00a0 \u00a0 \u00a0 \u00a0 \u00a0 \u00a0 \u00a0Christbaumanleuchten (17.00 Uhr, Marktplatz)<br \/>\n29.11.\u00a0 \u00a0 \u00a0 \u00a0 \u00a0 \u00a0 \u00a0 \u00a0 \u00a0ev. Kirche Sdg: Brot-f\u00fcr-die-Welt-Essen (nach GD, ev. Gemeindezentrum, Blumenstr. 2)<br \/>\n29.11.\u00a0 \u00a0 \u00a0 \u00a0 \u00a0 \u00a0 \u00a0 \u00a0 \u00a0Porzellanikon: Kuratorenf\u00fchrung \u2013 Die neue Dramaturgie des Essens (14.30 Uhr)<\/p>\n<p><strong>Dezember<br \/>\n<\/strong>03.12.\u00a0 \u00a0 \u00a0 \u00a0 \u00a0 \u00a0 \u00a0 \u00a0 \u00a0kath. Kirche: Roratemesse, vorher gem\u00fctliches Beisammensein (19.00 Uhr)<br \/>\n04.12.\u00a0 \u00a0 \u00a0 \u00a0 \u00a0 \u00a0 \u00a0 \u00a0 \u00a0FGV Hbg: Nikolauswanderung<br \/>\n05.12.\u00a0 \u00a0 \u00a0 \u00a0 \u00a0 \u00a0 \u00a0 \u00a0 \u00a0Hohenberger Burgweihnacht<br \/>\n05.12.\u00a0 \u00a0 \u00a0 \u00a0 \u00a0 \u00a0 \u00a0 \u00a0 \u00a0FFW Sdg: Jahresabschlussfeier<br \/>\n05.12.\u00a0 \u00a0 \u00a0 \u00a0 \u00a0 \u00a0 \u00a0 \u00a0 \u00a0FFW Hbg: Kinderfeuerwehr (09.30 Uhr, FFW-Ger\u00e4tehaus)<br \/>\n05.12.\u00a0 \u00a0 \u00a0 \u00a0 \u00a0 \u00a0 \u00a0 \u00a0 \u00a0FGV Sdg: Weihnachtsfeier (14.30 Uhr)<br \/>\n06.12.\u00a0 \u00a0 \u00a0 \u00a0 \u00a0 \u00a0 \u00a0 \u00a0 \u00a0Gr\u00fcn-Wei\u00df Hbg: Weihnachtsfeier<br \/>\n08.12.\u00a0 \u00a0 \u00a0 \u00a0 \u00a0 \u00a0 \u00a0 \u00a0 \u00a0SPD Hbg: Jahresabschlussfeier (19.00 Uhr, Gasthof Zum weissen Lamm)<br \/>\n08.12.\u00a0 \u00a0 \u00a0 \u00a0 \u00a0 \u00a0 \u00a0 \u00a0 \u00a0kath. Kirche: Seniorenmesse &amp; Seniorennachmittag (14.00 Uhr)<br \/>\n11.12.\u00a0 \u00a0 \u00a0 \u00a0 \u00a0 \u00a0 \u00a0 \u00a0 \u00a0FCH: Weihnachtsfeier (18:30 Uhr, Gastst\u00e4tte Haidh\u00f6lzl)<br \/>\n11.12.\u00a0 \u00a0 \u00a0 \u00a0 \u00a0 \u00a0 \u00a0 \u00a0 \u00a0Adventszauber Seedorf (Hausnr. 1)<br \/>\n12.12.\u00a0 \u00a0 \u00a0 \u00a0 \u00a0 \u00a0 \u00a0 \u00a0 \u00a0FFW Nhs: Weihnachtsfeier\/Dorfweihnacht (17.00 Uhr FFW-Ger\u00e4tehaus)<br \/>\n12.12.\u00a0 \u00a0 \u00a0 \u00a0 \u00a0 \u00a0 \u00a0 \u00a0 \u00a0FGV Hbg: Jahresabschlussfahrt Abendsberg<br \/>\n12.12.\u00a0 \u00a0 \u00a0 \u00a0 \u00a0 \u00a0 \u00a0 \u00a0 \u00a0FFW Hbg: Weihnachtsfeier (18.00 Uhr, FFW-Ger\u00e4tehaus)<br \/>\n13.12.\u00a0 \u00a0 \u00a0 \u00a0 \u00a0 \u00a0 \u00a0 \u00a0 \u00a0Musikschule: Weihnachtskonzert (16.00 Uhr, Turnhalle Hbg.)<br \/>\n13.12.\u00a0 \u00a0 \u00a0 \u00a0 \u00a0 \u00a0 \u00a0 \u00a0 \u00a0VdK: Weihnachtsfeier (14.30 Uhr Gasthof Zur Burg)<br \/>\n13.12.\u00a0 \u00a0 \u00a0 \u00a0 \u00a0 \u00a0 \u00a0 \u00a0 \u00a0ev. Kirche Sdg: Waldweihnacht (15.45 Uhr, Wildnisgarten Menzloh)<br \/>\n13.12.\u00a0 \u00a0 \u00a0 \u00a0 \u00a0 \u00a0 \u00a0 \u00a0 \u00a0Porzellanikon: Familiennachmittag (14.30 Uhr)<br \/>\n16.12.\u00a0 \u00a0 \u00a0 \u00a0 \u00a0 \u00a0 \u00a0 \u00a0 \u00a0Seniorenkreis (14.00 Uhr, Gemeindezentrum)<br \/>\n16.12.\u00a0 \u00a0 \u00a0 \u00a0 \u00a0 \u00a0 \u00a0 \u00a0 \u00a0Porzellanikon: Kulturkaffee \u2013 Porzellan und Pers\u00f6nlichkeiten<br \/>\n18.12.\u00a0 \u00a0 \u00a0 \u00a0 \u00a0 \u00a0 \u00a0 \u00a0 \u00a0Xmas-Metal X (Gemeindehalle Sdg.)<br \/>\n18.-20.12.\u00a0 \u00a0 \u00a0 \u00a0 \u00a0 Hofweihnacht Sch\u00e4ferei Frank<br \/>\n20.12.\u00a0 \u00a0 \u00a0 \u00a0 \u00a0 \u00a0 \u00a0 \u00a0 \u00a0Orgelbauverein: Weihnachtskonzert (17.00 Uhr, ev. Kirche Hbg.)<br \/>\n24.12.\u00a0 \u00a0 \u00a0 \u00a0 \u00a0 \u00a0 \u00a0 \u00a0 \u00a0kath. Kirche: Christmette mit Krippenspiel (17.30 Uhr)<br \/>\n25.12.\u00a0 \u00a0 \u00a0 \u00a0 \u00a0 \u00a0 \u00a0 \u00a0 \u00a0Porzellanikon: Kultur &amp; Porzellan am Feiertag \u2013 \u00f6ffentl. F\u00fchrung (14.00 Uhr)<br \/>\n26.12.\u00a0 \u00a0 \u00a0 \u00a0 \u00a0 \u00a0 \u00a0 \u00a0 \u00a0Porzellanikon: Kultur &amp; Porzellan am Feiertag \u2013 \u00f6ffentl. F\u00fchrung (14.00 Uhr)<br \/>\n31.12.\u00a0 \u00a0 \u00a0 \u00a0 \u00a0 \u00a0 \u00a0 \u00a0 \u00a0ev. Kirche Sdg: Jahresschlussgottesdienst (17.00 Uhr, ev. Gemeindezentrum, Blumenstr. 2)<\/p>\n","protected":false},"excerpt":{"rendered":"<p>Oktober 01.10.\u00a0 \u00a0 \u00a0 \u00a0 \u00a0 \u00a0 \u00a0 \u00a0 \u00a0Siedler: 2. Heiz\u00f6lsammelbestellung 03.10.\u00a0 \u00a0 \u00a0 \u00a0 \u00a0 \u00a0 \u00a0 \u00a0 \u00a0Porzellanikon: Kultur &amp; Porzellan am Feiertag \u2013 \u00f6ffentl. F\u00fchrung (14.00 Uhr) 07.10.\u00a0 \u00a0 \u00a0 \u00a0 \u00a0 \u00a0 \u00a0 \u00a0 \u00a0WGM: Wildnisgartentag f\u00fcr Familien (Wildnisgarten Menzloh) 07.10.\u00a0 \u00a0 \u00a0 \u00a0 \u00a0 \u00a0 \u00a0 \u00a0 \u00a0Porzellanikon: Kulturkaffee [&hellip;]<\/p>\n","protected":false},"author":1,"featured_media":0,"parent":220,"menu_order":3,"comment_status":"closed","ping_status":"closed","template":"","meta":{"footnotes":"","_links_to":"","_links_to_target":""},"class_list":["post-228","page","type-page","status-publish","hentry"],"_links":{"self":[{"href":"https:\/\/markt-schirnding.de\/index.php\/wp-json\/wp\/v2\/pages\/228","targetHints":{"allow":["GET"]}}],"collection":[{"href":"https:\/\/markt-schirnding.de\/index.php\/wp-json\/wp\/v2\/pages"}],"about":[{"href":"https:\/\/markt-schirnding.de\/index.php\/wp-json\/wp\/v2\/types\/page"}],"author":[{"embeddable":true,"href":"https:\/\/markt-schirnding.de\/index.php\/wp-json\/wp\/v2\/users\/1"}],"replies":[{"embeddable":true,"href":"https:\/\/markt-schirnding.de\/index.php\/wp-json\/wp\/v2\/comments?post=228"}],"version-history":[{"count":11,"href":"https:\/\/markt-schirnding.de\/index.php\/wp-json\/wp\/v2\/pages\/228\/revisions"}],"predecessor-version":[{"id":2873,"href":"https:\/\/markt-schirnding.de\/index.php\/wp-json\/wp\/v2\/pages\/228\/revisions\/2873"}],"up":[{"embeddable":true,"href":"https:\/\/markt-schirnding.de\/index.php\/wp-json\/wp\/v2\/pages\/220"}],"wp:attachment":[{"href":"https:\/\/markt-schirnding.de\/index.php\/wp-json\/wp\/v2\/media?parent=228"}],"curies":[{"name":"wp","href":"https:\/\/api.w.org\/{rel}","templated":true}]}}