{"id":283,"date":"2013-12-18T15:21:20","date_gmt":"2013-12-18T13:21:20","guid":{"rendered":"http:\/\/www.schirnding.info\/?page_id=283"},"modified":"2026-01-07T16:53:57","modified_gmt":"2026-01-07T14:53:57","slug":"schirndinger-dorfmarkt","status":"publish","type":"page","link":"https:\/\/markt-schirnding.de\/index.php\/kultur-2\/feste\/schirndinger-dorfmarkt\/","title":{"rendered":"Schirndinger Dorfmarkt"},"content":{"rendered":"<p style=\"text-align: justify;\">Markttreiben, ein buntes Unterhaltungsprogramm, Musik und Schmankerln aus der Region sowie zum Abschluss ein gro\u00dfes Feuerwerk erwartet alle Besucher, die sich am Samstag, den 29. August 2026 im Ortskern von Schirnding, rund um Marktplatz und Kirchberg, einfinden. Der traditionelle Schirndinger Dorfmarkt wird dann bereits zum 23. Mal er\u00f6ffnet.<\/p>\n<p style=\"text-align: justify;\">Ein reichhaltiges Angebot an Speisen und Getr\u00e4nken l\u00e4dt zum gem\u00fctlichen Verweilen ein, Musik, Showeinlagen und Unterhaltung kommen ebenfalls nicht zu kurz.<\/p>\n<p><strong>Der Markt Schirnding und seine Vereine freuen sich auf Ihren Besuch!<\/strong><\/p>\n<p>Bilder und aktuelle Infos zum Dorfmarkt finden Sie auch auf unserer <a href=\"https:\/\/www.facebook.com\/pg\/schirnding\/photos\/?tab=album&amp;album_id=524067727936617\" target=\"_blank\" rel=\"noopener\">Facebook-Seite<\/a>!<\/p>\n","protected":false},"excerpt":{"rendered":"<p>Markttreiben, ein buntes Unterhaltungsprogramm, Musik und Schmankerln aus der Region sowie zum Abschluss ein gro\u00dfes Feuerwerk erwartet alle Besucher, die sich am Samstag, den 29. August 2026 im Ortskern von Schirnding, rund um Marktplatz und Kirchberg, einfinden. Der traditionelle Schirndinger Dorfmarkt wird dann bereits zum 23. Mal er\u00f6ffnet. Ein reichhaltiges Angebot an Speisen und Getr\u00e4nken [&hellip;]<\/p>\n","protected":false},"author":1,"featured_media":0,"parent":278,"menu_order":1,"comment_status":"closed","ping_status":"closed","template":"","meta":{"footnotes":"","_links_to":"","_links_to_target":""},"class_list":["post-283","page","type-page","status-publish","hentry"],"_links":{"self":[{"href":"https:\/\/markt-schirnding.de\/index.php\/wp-json\/wp\/v2\/pages\/283","targetHints":{"allow":["GET"]}}],"collection":[{"href":"https:\/\/markt-schirnding.de\/index.php\/wp-json\/wp\/v2\/pages"}],"about":[{"href":"https:\/\/markt-schirnding.de\/index.php\/wp-json\/wp\/v2\/types\/page"}],"author":[{"embeddable":true,"href":"https:\/\/markt-schirnding.de\/index.php\/wp-json\/wp\/v2\/users\/1"}],"replies":[{"embeddable":true,"href":"https:\/\/markt-schirnding.de\/index.php\/wp-json\/wp\/v2\/comments?post=283"}],"version-history":[{"count":4,"href":"https:\/\/markt-schirnding.de\/index.php\/wp-json\/wp\/v2\/pages\/283\/revisions"}],"predecessor-version":[{"id":2883,"href":"https:\/\/markt-schirnding.de\/index.php\/wp-json\/wp\/v2\/pages\/283\/revisions\/2883"}],"up":[{"embeddable":true,"href":"https:\/\/markt-schirnding.de\/index.php\/wp-json\/wp\/v2\/pages\/278"}],"wp:attachment":[{"href":"https:\/\/markt-schirnding.de\/index.php\/wp-json\/wp\/v2\/media?parent=283"}],"curies":[{"name":"wp","href":"https:\/\/api.w.org\/{rel}","templated":true}]}}