{"id":97,"date":"2013-11-25T15:43:42","date_gmt":"2013-11-25T13:43:42","guid":{"rendered":"http:\/\/www.schirnding.info\/?page_id=97"},"modified":"2024-10-29T14:38:20","modified_gmt":"2024-10-29T12:38:20","slug":"rathaus","status":"publish","type":"page","link":"https:\/\/markt-schirnding.de\/index.php\/buergerservice\/rathaus\/","title":{"rendered":"Rathaus"},"content":{"rendered":"<p><strong><img loading=\"lazy\" decoding=\"async\" class=\"alignright wp-image-2103\" src=\"http:\/\/www.markt-schirnding.de\/wp-content\/uploads\/2021\/03\/vg-logo-300x267.jpg\" alt=\"\" width=\"151\" height=\"134\" \/>VGem Schirnding<\/strong><br \/>\nHauptstra\u00dfe 5, 95706 Schirnding<br \/>\nTel. 09233\/7711-0<br \/>\nFax: 09233\/7711-38<br \/>\nEmail: info@markt-schirnding.de<\/p>\n<p style=\"text-align: justify;\"><strong>\u00d6ffnungszeiten\u00a0 <\/strong><br \/>\nMo bis Do: 8:00 Uhr bis 12:00 Uhr<br \/>\nDo 13:00 Uhr bis 18:00 Uhr<br \/>\nFr 08:00 Uhr bis <u>11:00<\/u> Uhr<br \/>\nweitere Termine, sowie Sprechstunden mit den B\u00fcrgermeistern, nach Vereinbarung<\/p>\n<p><strong>Leiter der Verwaltung<\/strong><br \/>\nHerr J\u00fcrgen Hoffmann<br \/>\nGemeinschaftsvorsitzender und<br \/>\n1. B\u00fcrgermeister der Stadt Hohenberg a.d. Eger<\/p>\n<p><strong>Ansprechpartner der VGem im Rathaus Schirnding<br \/>\n<\/strong><br \/>\n<strong>Leiter der Gesch\u00e4ftsstelle<\/strong><br \/>\nHerr Andreas Bauer<br \/>\nTel. 09233\/7711-39<br \/>\nEmail: andreas.bauer@vg-schirnding.de<\/p>\n<p><strong>Markt Schirnding<\/strong><br \/>\n1. B\u00fcrgermeisterin Karin Fleischer<br \/>\nTel. 09233\/7711-31<br \/>\nEmail: karin.fleischer@vg-schirnding.de<\/p>\n<p><strong>Stadt Hohenberg a. d. Eger<\/strong><br \/>\n1. B\u00fcrgermeister J\u00fcrgen Hoffmann<br \/>\nTel. 09233\/7711-32<br \/>\nEmail: juergen.hoffmann@vg-schirnding.de<\/p>\n<p><strong>Sekretariat<\/strong><br \/>\nFrau Wilma Kie\u00dfling<br \/>\nTel. 09233\/7711-29<br \/>\nEmail: wilma.kiessling@vg-schirnding.de<\/p>\n<p><strong>Kasse<\/strong><br \/>\nFrau Brigitte Sommerer<br \/>\nTel. 09233\/7711-11<br \/>\nEmail: brigitte.sommerer@vg-schirnding.de<\/p>\n<p><strong>K\u00e4mmerei<\/strong><br \/>\nFrau Heike Rogler<br \/>\nTel. 09233\/7711-21<br \/>\nEmail: heike.rogler@vg-schirnding.de<\/p>\n<p><strong>Standesamt, Einwohnermeldeamt, Ordnungsamt, Sozialwesen, Tourismus<\/strong><br \/>\nHerr Heiko Kupfer<br \/>\nTel. 09233\/7711-24<br \/>\nEmail: heiko.kupfer@vg-schirnding.de<\/p>\n<p>Frau Michaela Jobst<br \/>\nTel. 09233\/7711-25<br \/>\nEmail: michaela.jobst@vg-schirnding.de<\/p>\n<p><strong>Bauverwaltung<\/strong><br \/>\nHerr Michael Sommerer<br \/>\nTel. 09233\/7711-28<br \/>\nEmail: michael.sommerer@vg-schirnding.de<\/p>\n<p>Herr Marco Fleischer<br \/>\nTel. 09233\/7711-22<br \/>\nEmail: marco.fleischer@vg-schirnding.de<\/p>\n","protected":false},"excerpt":{"rendered":"<p>VGem Schirnding Hauptstra\u00dfe 5, 95706 Schirnding Tel. 09233\/7711-0 Fax: 09233\/7711-38 Email: info@markt-schirnding.de \u00d6ffnungszeiten\u00a0 Mo bis Do: 8:00 Uhr bis 12:00 Uhr Do 13:00 Uhr bis 18:00 Uhr Fr 08:00 Uhr bis 11:00 Uhr weitere Termine, sowie Sprechstunden mit den B\u00fcrgermeistern, nach Vereinbarung Leiter der Verwaltung Herr J\u00fcrgen Hoffmann Gemeinschaftsvorsitzender und 1. B\u00fcrgermeister der Stadt Hohenberg [&hellip;]<\/p>\n","protected":false},"author":1,"featured_media":0,"parent":329,"menu_order":0,"comment_status":"closed","ping_status":"closed","template":"","meta":{"footnotes":"","_links_to":"","_links_to_target":""},"class_list":["post-97","page","type-page","status-publish","hentry"],"_links":{"self":[{"href":"https:\/\/markt-schirnding.de\/index.php\/wp-json\/wp\/v2\/pages\/97","targetHints":{"allow":["GET"]}}],"collection":[{"href":"https:\/\/markt-schirnding.de\/index.php\/wp-json\/wp\/v2\/pages"}],"about":[{"href":"https:\/\/markt-schirnding.de\/index.php\/wp-json\/wp\/v2\/types\/page"}],"author":[{"embeddable":true,"href":"https:\/\/markt-schirnding.de\/index.php\/wp-json\/wp\/v2\/users\/1"}],"replies":[{"embeddable":true,"href":"https:\/\/markt-schirnding.de\/index.php\/wp-json\/wp\/v2\/comments?post=97"}],"version-history":[{"count":5,"href":"https:\/\/markt-schirnding.de\/index.php\/wp-json\/wp\/v2\/pages\/97\/revisions"}],"predecessor-version":[{"id":2888,"href":"https:\/\/markt-schirnding.de\/index.php\/wp-json\/wp\/v2\/pages\/97\/revisions\/2888"}],"up":[{"embeddable":true,"href":"https:\/\/markt-schirnding.de\/index.php\/wp-json\/wp\/v2\/pages\/329"}],"wp:attachment":[{"href":"https:\/\/markt-schirnding.de\/index.php\/wp-json\/wp\/v2\/media?parent=97"}],"curies":[{"name":"wp","href":"https:\/\/api.w.org\/{rel}","templated":true}]}}